{"id":337,"date":"2024-08-21T08:39:16","date_gmt":"2024-08-21T08:39:16","guid":{"rendered":"https:\/\/info.easyjacket.se\/?page_id=337"},"modified":"2026-01-15T13:45:17","modified_gmt":"2026-01-15T13:45:17","slug":"your-dashboard","status":"publish","type":"page","link":"https:\/\/info.easyjacket.se\/en\/your-dashboard\/","title":{"rendered":"Your Dashboard"},"content":{"rendered":"","protected":false},"excerpt":{"rendered":"","protected":false},"author":2,"featured_media":0,"parent":0,"menu_order":0,"comment_status":"closed","ping_status":"closed","template":"","meta":{"_acf_changed":false,"footnotes":""},"class_list":["post-337","page","type-page","status-publish","hentry"],"acf":[],"yoast_head":"<!-- This site is optimized with the Yoast SEO plugin v26.7 - https:\/\/yoast.com\/wordpress\/plugins\/seo\/ -->\n<title>Your Dashboard - EasyJacket<\/title>\n<meta name=\"description\" content=\"Genom v\u00e5r Dashboard kan du f\u00f6lja vilka som bes\u00f6ker dig, s\u00e4lja biljetter och f\u00e5 fram extremt v\u00e4rdefull information.\" \/>\n<meta name=\"robots\" content=\"noindex, nofollow\" \/>\n<meta property=\"og:locale\" content=\"sv_SE\" \/>\n<meta property=\"og:type\" content=\"article\" \/>\n<meta property=\"og:title\" content=\"Your Dashboard - EasyJacket\" \/>\n<meta property=\"og:description\" content=\"Genom v\u00e5r Dashboard kan du f\u00f6lja vilka som bes\u00f6ker dig, s\u00e4lja biljetter och f\u00e5 fram extremt v\u00e4rdefull information.\" \/>\n<meta property=\"og:url\" content=\"https:\/\/info.easyjacket.se\/en\/your-dashboard\/\" \/>\n<meta property=\"og:site_name\" content=\"EasyJacket\" \/>\n<meta property=\"article:publisher\" content=\"https:\/\/www.facebook.com\/officialeasyjacket\" \/>\n<meta property=\"article:modified_time\" content=\"2026-01-15T13:45:17+00:00\" \/>\n<meta name=\"twitter:card\" content=\"summary_large_image\" \/>\n<script type=\"application\/ld+json\" class=\"yoast-schema-graph\">{\"@context\":\"https:\/\/schema.org\",\"@graph\":[{\"@type\":\"WebPage\",\"@id\":\"https:\/\/info.easyjacket.se\/en\/your-dashboard\/\",\"url\":\"https:\/\/info.easyjacket.se\/en\/your-dashboard\/\",\"name\":\"Your Dashboard - EasyJacket\",\"isPartOf\":{\"@id\":\"https:\/\/info.easyjacket.se\/en\/#website\"},\"datePublished\":\"2024-08-21T08:39:16+00:00\",\"dateModified\":\"2026-01-15T13:45:17+00:00\",\"description\":\"Genom v\u00e5r Dashboard kan du f\u00f6lja vilka som bes\u00f6ker dig, s\u00e4lja biljetter och f\u00e5 fram extremt v\u00e4rdefull information.\",\"breadcrumb\":{\"@id\":\"https:\/\/info.easyjacket.se\/en\/your-dashboard\/#breadcrumb\"},\"inLanguage\":\"sv-SE\",\"potentialAction\":[{\"@type\":\"ReadAction\",\"target\":[\"https:\/\/info.easyjacket.se\/en\/your-dashboard\/\"]}]},{\"@type\":\"BreadcrumbList\",\"@id\":\"https:\/\/info.easyjacket.se\/en\/your-dashboard\/#breadcrumb\",\"itemListElement\":[{\"@type\":\"ListItem\",\"position\":1,\"name\":\"Hem\",\"item\":\"https:\/\/info.easyjacket.se\/en\/\"},{\"@type\":\"ListItem\",\"position\":2,\"name\":\"Your Dashboard\"}]},{\"@type\":\"WebSite\",\"@id\":\"https:\/\/info.easyjacket.se\/en\/#website\",\"url\":\"https:\/\/info.easyjacket.se\/en\/\",\"name\":\"EasyJacket\",\"description\":\"Sveriges smidigaste garderobsbiljett\",\"publisher\":{\"@id\":\"https:\/\/info.easyjacket.se\/en\/#organization\"},\"potentialAction\":[{\"@type\":\"SearchAction\",\"target\":{\"@type\":\"EntryPoint\",\"urlTemplate\":\"https:\/\/info.easyjacket.se\/en\/?s={search_term_string}\"},\"query-input\":{\"@type\":\"PropertyValueSpecification\",\"valueRequired\":true,\"valueName\":\"search_term_string\"}}],\"inLanguage\":\"sv-SE\"},{\"@type\":\"Organization\",\"@id\":\"https:\/\/info.easyjacket.se\/en\/#organization\",\"name\":\"EasyJacket\",\"url\":\"https:\/\/info.easyjacket.se\/en\/\",\"logo\":{\"@type\":\"ImageObject\",\"inLanguage\":\"sv-SE\",\"@id\":\"https:\/\/info.easyjacket.se\/en\/#\/schema\/logo\/image\/\",\"url\":\"https:\/\/info.easyjacket.se\/en\/wp-content\/uploads\/2023\/12\/Artboard-Copy-4.png\",\"contentUrl\":\"https:\/\/info.easyjacket.se\/en\/wp-content\/uploads\/2023\/12\/Artboard-Copy-4.png\",\"width\":840,\"height\":840,\"caption\":\"EasyJacket\"},\"image\":{\"@id\":\"https:\/\/info.easyjacket.se\/en\/#\/schema\/logo\/image\/\"},\"sameAs\":[\"https:\/\/www.facebook.com\/officialeasyjacket\",\"https:\/\/www.instagram.com\/officialeasyjacket\/\",\"https:\/\/www.linkedin.com\/company\/easyjacket\/\"]}]}<\/script>\n<!-- \/ Yoast SEO plugin. -->","yoast_head_json":{"title":"Your Dashboard - EasyJacket","description":"Genom v\u00e5r Dashboard kan du f\u00f6lja vilka som bes\u00f6ker dig, s\u00e4lja biljetter och f\u00e5 fram extremt v\u00e4rdefull information.","robots":{"index":"noindex","follow":"nofollow"},"og_locale":"sv_SE","og_type":"article","og_title":"Your Dashboard - EasyJacket","og_description":"Genom v\u00e5r Dashboard kan du f\u00f6lja vilka som bes\u00f6ker dig, s\u00e4lja biljetter och f\u00e5 fram extremt v\u00e4rdefull information.","og_url":"https:\/\/info.easyjacket.se\/en\/your-dashboard\/","og_site_name":"EasyJacket","article_publisher":"https:\/\/www.facebook.com\/officialeasyjacket","article_modified_time":"2026-01-15T13:45:17+00:00","twitter_card":"summary_large_image","schema":{"@context":"https:\/\/schema.org","@graph":[{"@type":"WebPage","@id":"https:\/\/info.easyjacket.se\/en\/your-dashboard\/","url":"https:\/\/info.easyjacket.se\/en\/your-dashboard\/","name":"Your Dashboard - EasyJacket","isPartOf":{"@id":"https:\/\/info.easyjacket.se\/en\/#website"},"datePublished":"2024-08-21T08:39:16+00:00","dateModified":"2026-01-15T13:45:17+00:00","description":"Genom v\u00e5r Dashboard kan du f\u00f6lja vilka som bes\u00f6ker dig, s\u00e4lja biljetter och f\u00e5 fram extremt v\u00e4rdefull information.","breadcrumb":{"@id":"https:\/\/info.easyjacket.se\/en\/your-dashboard\/#breadcrumb"},"inLanguage":"sv-SE","potentialAction":[{"@type":"ReadAction","target":["https:\/\/info.easyjacket.se\/en\/your-dashboard\/"]}]},{"@type":"BreadcrumbList","@id":"https:\/\/info.easyjacket.se\/en\/your-dashboard\/#breadcrumb","itemListElement":[{"@type":"ListItem","position":1,"name":"Hem","item":"https:\/\/info.easyjacket.se\/en\/"},{"@type":"ListItem","position":2,"name":"Your Dashboard"}]},{"@type":"WebSite","@id":"https:\/\/info.easyjacket.se\/en\/#website","url":"https:\/\/info.easyjacket.se\/en\/","name":"EasyJacket","description":"Sveriges smidigaste garderobsbiljett","publisher":{"@id":"https:\/\/info.easyjacket.se\/en\/#organization"},"potentialAction":[{"@type":"SearchAction","target":{"@type":"EntryPoint","urlTemplate":"https:\/\/info.easyjacket.se\/en\/?s={search_term_string}"},"query-input":{"@type":"PropertyValueSpecification","valueRequired":true,"valueName":"search_term_string"}}],"inLanguage":"sv-SE"},{"@type":"Organization","@id":"https:\/\/info.easyjacket.se\/en\/#organization","name":"EasyJacket","url":"https:\/\/info.easyjacket.se\/en\/","logo":{"@type":"ImageObject","inLanguage":"sv-SE","@id":"https:\/\/info.easyjacket.se\/en\/#\/schema\/logo\/image\/","url":"https:\/\/info.easyjacket.se\/en\/wp-content\/uploads\/2023\/12\/Artboard-Copy-4.png","contentUrl":"https:\/\/info.easyjacket.se\/en\/wp-content\/uploads\/2023\/12\/Artboard-Copy-4.png","width":840,"height":840,"caption":"EasyJacket"},"image":{"@id":"https:\/\/info.easyjacket.se\/en\/#\/schema\/logo\/image\/"},"sameAs":["https:\/\/www.facebook.com\/officialeasyjacket","https:\/\/www.instagram.com\/officialeasyjacket\/","https:\/\/www.linkedin.com\/company\/easyjacket\/"]}]}},"_links":{"self":[{"href":"https:\/\/info.easyjacket.se\/en\/wp-json\/wp\/v2\/pages\/337","targetHints":{"allow":["GET"]}}],"collection":[{"href":"https:\/\/info.easyjacket.se\/en\/wp-json\/wp\/v2\/pages"}],"about":[{"href":"https:\/\/info.easyjacket.se\/en\/wp-json\/wp\/v2\/types\/page"}],"author":[{"embeddable":true,"href":"https:\/\/info.easyjacket.se\/en\/wp-json\/wp\/v2\/users\/2"}],"replies":[{"embeddable":true,"href":"https:\/\/info.easyjacket.se\/en\/wp-json\/wp\/v2\/comments?post=337"}],"version-history":[{"count":7,"href":"https:\/\/info.easyjacket.se\/en\/wp-json\/wp\/v2\/pages\/337\/revisions"}],"predecessor-version":[{"id":540,"href":"https:\/\/info.easyjacket.se\/en\/wp-json\/wp\/v2\/pages\/337\/revisions\/540"}],"wp:attachment":[{"href":"https:\/\/info.easyjacket.se\/en\/wp-json\/wp\/v2\/media?parent=337"}],"curies":[{"name":"wp","href":"https:\/\/api.w.org\/{rel}","templated":true}]}}